{"id":255073,"date":"2024-09-09T15:47:11","date_gmt":"2024-09-09T13:47:11","guid":{"rendered":"https:\/\/ivf.express\/products\/"},"modified":"2024-09-09T15:54:59","modified_gmt":"2024-09-09T13:54:59","slug":"products","status":"publish","type":"page","link":"https:\/\/ivf.express\/en\/products\/","title":{"rendered":"Products"},"content":{"rendered":"<p>[et_pb_section fb_built=&#8221;1&#8243; _builder_version=&#8221;4.16&#8243; _module_preset=&#8221;default&#8221; background_image=&#8221;https:\/\/ivf.express\/wp-content\/uploads\/2021\/06\/ivf-express-emybrologie-01.jpg&#8221; background_position=&#8221;top_center&#8221; custom_margin=&#8221;||0px||false|false&#8221; custom_padding=&#8221;||0px||false|false&#8221; global_colors_info=&#8221;{}&#8221;][et_pb_row _builder_version=&#8221;4.16&#8243; _module_preset=&#8221;default&#8221; global_colors_info=&#8221;{}&#8221;][et_pb_column type=&#8221;4_4&#8243; _builder_version=&#8221;4.16&#8243; _module_preset=&#8221;default&#8221; global_colors_info=&#8221;{}&#8221;][et_pb_text admin_label=&#8221;Rank Math Breadcrump&#8221; _builder_version=&#8221;4.9.7&#8243; _module_preset=&#8221;default&#8221; text_font=&#8221;|300|||||||&#8221; text_text_color=&#8221;#ffffff&#8221; link_text_color=&#8221;#ffffff&#8221; global_module=&#8221;242556&#8243; global_colors_info=&#8221;{}&#8221;]<\/p>\n<nav aria-label=\"breadcrumbs\" class=\"rank-math-breadcrumb\"><p><span class=\"last\">Home<\/span><\/p><\/nav>\n<p>[\/et_pb_text][\/et_pb_column][\/et_pb_row][\/et_pb_section][et_pb_section fb_built=&#8221;1&#8243; _builder_version=&#8221;4.16&#8243; _module_preset=&#8221;default&#8221; global_colors_info=&#8221;{}&#8221;][et_pb_row _builder_version=&#8221;4.16&#8243; _module_preset=&#8221;default&#8221; global_colors_info=&#8221;{}&#8221;][et_pb_column type=&#8221;4_4&#8243; _builder_version=&#8221;4.16&#8243; _module_preset=&#8221;default&#8221; global_colors_info=&#8221;{}&#8221;][et_pb_text admin_label=&#8221;Unsere Produkte&#8221; _builder_version=&#8221;4.16&#8243; header_font=&#8221;Poppins|700|||||||&#8221; header_text_color=&#8221;#343434&#8243; header_line_height=&#8221;1.3em&#8221; custom_margin=&#8221;||&#8221; header_font_size_tablet=&#8221;&#8221; header_font_size_phone=&#8221;25px&#8221; header_font_size_last_edited=&#8221;on|desktop&#8221; global_colors_info=&#8221;{}&#8221;]<\/p>\n<h1><span style=\"color: #ef0000;\">Our\u00a0<\/span>Products<\/h1>\n<p>[\/et_pb_text][et_pb_text admin_label=&#8221;St\u00f6bern sie jetzt durch unser umfangreiches Sortiment&#8221; _builder_version=&#8221;4.16&#8243; _module_preset=&#8221;default&#8221; text_font=&#8221;|300|||||||&#8221; custom_margin=&#8221;0px||||false|false&#8221; custom_padding=&#8221;0px||||false|false&#8221; global_colors_info=&#8221;{}&#8221;]<\/p>\n<p>Detailed product descriptions on this website are currently available only in German. For more information, please feel free to contact us.<\/p>\n<p>[\/et_pb_text][\/et_pb_column][\/et_pb_row][\/et_pb_section][et_pb_section fb_built=&#8221;1&#8243; _builder_version=&#8221;4.16&#8243; custom_padding=&#8221;|0px||0px|true|false&#8221; saved_tabs=&#8221;all&#8221; global_colors_info=&#8221;{}&#8221;][et_pb_row column_structure=&#8221;1_5,1_5,1_5,1_5,1_5&#8243; use_custom_gutter=&#8221;on&#8221; make_equal=&#8221;on&#8221; _builder_version=&#8221;4.16&#8243; custom_padding=&#8221;||15px|||&#8221; global_colors_info=&#8221;{}&#8221;][et_pb_column type=&#8221;1_5&#8243; _builder_version=&#8221;4.16&#8243; custom_padding=&#8221;|||&#8221; global_colors_info=&#8221;{}&#8221; custom_padding__hover=&#8221;|||&#8221;][et_pb_image src=&#8221;https:\/\/ivf.express\/wp-content\/uploads\/2021\/09\/Medien.jpg&#8221; title_text=&#8221;Media&#8221; align_tablet=&#8221;center&#8221; align_phone=&#8221;&#8221; align_last_edited=&#8221;on|desktop&#8221; _builder_version=&#8221;4.16&#8243; custom_margin=&#8221;-11px||&#8221; global_colors_info=&#8221;{}&#8221;][\/et_pb_image][et_pb_text admin_label=&#8221;1. Medien&#8221; _builder_version=&#8221;4.16&#8243; text_font=&#8221;Nunito Sans||||||||&#8221; text_text_color=&#8221;#5499D4&#8243; header_font=&#8221;Poppins|600|||||||&#8221; header_text_color=&#8221;#000000&#8243; header_font_size=&#8221;20px&#8221; header_line_height=&#8221;1.4em&#8221; min_height=&#8221;65px&#8221; global_colors_info=&#8221;{}&#8221;]<\/p>\n<h1>Media<\/h1>\n<p>[\/et_pb_text][et_pb_text admin_label=&#8221;In Zusammenarbeit mit marktf\u00fchrenden Herstellern stehen wir f\u00fcr Sicherheit, Praktikabilit\u00e4t und Erfolgssteigerung. &#8221; _builder_version=&#8221;4.16&#8243; text_font=&#8221;Roboto|300|||||||&#8221; text_text_color=&#8221;#000000&#8243; text_font_size=&#8221;15px&#8221; text_line_height=&#8221;1.8em&#8221; header_font=&#8221;Nunito Sans|700|||||||&#8221; header_text_color=&#8221;#297FCA&#8221; header_font_size=&#8221;20px&#8221; header_line_height=&#8221;1.3em&#8221; custom_padding=&#8221;5px||&#8221; global_colors_info=&#8221;{}&#8221;]<\/p>\n<p>In collaboration with leading manufacturers, we stand for safety, practicality, and increased success.<\/p>\n<p>[\/et_pb_text][et_pb_button button_url=&#8221;https:\/\/ivf.express\/produkte\/medien\/&#8221; button_text=&#8221;To the products&#8221; button_alignment=&#8221;left&#8221; _builder_version=&#8221;4.16&#8243; _module_preset=&#8221;default&#8221; custom_button=&#8221;on&#8221; button_font=&#8221;|300|||||||&#8221; global_colors_info=&#8221;{}&#8221;][\/et_pb_button][et_pb_divider color=&#8221;#000000&#8243; divider_weight=&#8221;4px&#8221; _builder_version=&#8221;4.16&#8243; max_width=&#8221;50px&#8221; custom_padding=&#8221;2px||&#8221; global_colors_info=&#8221;{}&#8221;][\/et_pb_divider][\/et_pb_column][et_pb_column type=&#8221;1_5&#8243; _builder_version=&#8221;4.16&#8243; custom_padding=&#8221;|||&#8221; global_colors_info=&#8221;{}&#8221; custom_padding__hover=&#8221;|||&#8221;][et_pb_image src=&#8221;https:\/\/ivf.express\/wp-content\/uploads\/2022\/02\/Verbrauchsartikel-im-Labor.jpg&#8221; title_text=&#8221;Consumables in the laboratory&#8221; align_tablet=&#8221;center&#8221; align_phone=&#8221;&#8221; align_last_edited=&#8221;on|desktop&#8221; _builder_version=&#8221;4.27.0&#8243; custom_margin=&#8221;-11px||&#8221; hover_enabled=&#8221;0&#8243; global_colors_info=&#8221;{}&#8221; sticky_enabled=&#8221;0&#8243;][\/et_pb_image][et_pb_text admin_label=&#8221;2. Verbrauchsartikel im Labor&#8221; _builder_version=&#8221;4.16&#8243; text_font=&#8221;Nunito Sans||||||||&#8221; text_text_color=&#8221;#5499D4&#8243; header_font=&#8221;Poppins|600|||||||&#8221; header_text_color=&#8221;#000000&#8243; header_font_size=&#8221;20px&#8221; header_line_height=&#8221;1.4em&#8221; min_height=&#8221;65px&#8221; global_colors_info=&#8221;{}&#8221;]<\/p>\n<h1>Consumables in the laboratory<\/h1>\n<p>[\/et_pb_text][et_pb_text admin_label=&#8221;St\u00f6bern Sie durch unser speziell selektiertes Sortiment an Sch\u00e4lchen, R\u00f6hrchen, Spritzen, Pipetten und Kryozubeh\u00f6r. &#8221; _builder_version=&#8221;4.16&#8243; text_font=&#8221;Roboto|300|||||||&#8221; text_text_color=&#8221;#000000&#8243; text_font_size=&#8221;15px&#8221; text_line_height=&#8221;1.8em&#8221; header_font=&#8221;Nunito Sans|700|||||||&#8221; header_text_color=&#8221;#297FCA&#8221; header_font_size=&#8221;20px&#8221; header_line_height=&#8221;1.3em&#8221; custom_padding=&#8221;5px||&#8221; global_colors_info=&#8221;{}&#8221;]<\/p>\n<p>Browse through our specially selected range of dishes, tubes, syringes, pipettes, and cryo accessories.<\/p>\n<p>[\/et_pb_text][et_pb_button button_url=&#8221;https:\/\/ivf.express\/produkte\/verbrauchsartikel-im-labor\/&#8221; button_text=&#8221;To the products&#8221; button_alignment=&#8221;left&#8221; _builder_version=&#8221;4.27.0&#8243; _module_preset=&#8221;default&#8221; custom_button=&#8221;on&#8221; button_font=&#8221;|300|||||||&#8221; hover_enabled=&#8221;0&#8243; global_colors_info=&#8221;{}&#8221; sticky_enabled=&#8221;0&#8243;][\/et_pb_button][et_pb_divider color=&#8221;#000000&#8243; divider_weight=&#8221;4px&#8221; _builder_version=&#8221;4.16&#8243; max_width=&#8221;50px&#8221; custom_padding=&#8221;2px||&#8221; global_colors_info=&#8221;{}&#8221;][\/et_pb_divider][\/et_pb_column][et_pb_column type=&#8221;1_5&#8243; _builder_version=&#8221;4.16&#8243; custom_padding=&#8221;|||&#8221; global_colors_info=&#8221;{}&#8221; custom_padding__hover=&#8221;|||&#8221;][et_pb_image src=&#8221;https:\/\/ivf.express\/wp-content\/uploads\/2022\/02\/Verbrauchsartikel-im-Eingriffsraum.jpg&#8221; title_text=&#8221;Consumables for procedure rooms&#8221; align_tablet=&#8221;center&#8221; align_phone=&#8221;&#8221; align_last_edited=&#8221;on|desktop&#8221; _builder_version=&#8221;4.16&#8243; custom_margin=&#8221;-11px||&#8221; global_colors_info=&#8221;{}&#8221;][\/et_pb_image][et_pb_text admin_label=&#8221;Verbrauchsartikel im Eingriffsraum &#8221; _builder_version=&#8221;4.16&#8243; text_font=&#8221;Nunito Sans||||||||&#8221; text_text_color=&#8221;#5499D4&#8243; header_font=&#8221;Poppins|600|||||||&#8221; header_text_color=&#8221;#000000&#8243; header_font_size=&#8221;20px&#8221; header_line_height=&#8221;1.4em&#8221; min_height=&#8221;65px&#8221; global_colors_info=&#8221;{}&#8221;]<\/p>\n<h1>Consumables for procedure rooms<\/h1>\n<p>[\/et_pb_text][et_pb_text admin_label=&#8221;Problemloses Arbeiten und erh\u00f6hter Patientenkomfort \u2013 mit unseren Punktionsnadeln, Embryotransfer-Kathetern und Spezialprodukten f\u00fcr gyn\u00e4kologische Untersuchungen&#8221; _builder_version=&#8221;4.16&#8243; text_font=&#8221;Roboto|300|||||||&#8221; text_text_color=&#8221;#000000&#8243; text_font_size=&#8221;15px&#8221; text_line_height=&#8221;1.8em&#8221; header_font=&#8221;Nunito Sans|700|||||||&#8221; header_text_color=&#8221;#297FCA&#8221; header_font_size=&#8221;20px&#8221; header_line_height=&#8221;1.3em&#8221; custom_padding=&#8221;5px||&#8221; global_colors_info=&#8221;{}&#8221;]<\/p>\n<p>Effortless operation and enhanced patient comfort\u2014with our aspiration needles, embryo transfer catheters, and more.<\/p>\n<p>[\/et_pb_text][et_pb_button button_url=&#8221;https:\/\/ivf.express\/produkte\/verbrauchsartikel-im-eingriffsraum\/&#8221; button_text=&#8221;To the products&#8221; button_alignment=&#8221;left&#8221; _builder_version=&#8221;4.16&#8243; _module_preset=&#8221;default&#8221; custom_button=&#8221;on&#8221; button_font=&#8221;|300|||||||&#8221; global_colors_info=&#8221;{}&#8221;][\/et_pb_button][et_pb_divider color=&#8221;#000000&#8243; divider_weight=&#8221;4px&#8221; _builder_version=&#8221;4.16&#8243; max_width=&#8221;50px&#8221; custom_padding=&#8221;2px||&#8221; global_colors_info=&#8221;{}&#8221;][\/et_pb_divider][\/et_pb_column][et_pb_column type=&#8221;1_5&#8243; _builder_version=&#8221;4.16&#8243; custom_padding=&#8221;|||&#8221; global_colors_info=&#8221;{}&#8221; custom_padding__hover=&#8221;|||&#8221;][et_pb_image src=&#8221;https:\/\/ivf.express\/wp-content\/uploads\/2023\/07\/Laminar-Flow-1.jpg&#8221; title_text=&#8221;Laminar Flow 1&#8243; align_tablet=&#8221;center&#8221; align_phone=&#8221;&#8221; align_last_edited=&#8221;on|desktop&#8221; _builder_version=&#8221;4.21.0&#8243; custom_margin=&#8221;-11px||&#8221; global_colors_info=&#8221;{}&#8221;][\/et_pb_image][et_pb_text admin_label=&#8221;Ger\u00e4te Labor&#8221; _builder_version=&#8221;4.16&#8243; text_font=&#8221;Nunito Sans||||||||&#8221; text_text_color=&#8221;#5499D4&#8243; header_font=&#8221;Poppins|600|||||||&#8221; header_text_color=&#8221;#000000&#8243; header_font_size=&#8221;20px&#8221; header_line_height=&#8221;1.4em&#8221; min_height=&#8221;65px&#8221; global_colors_info=&#8221;{}&#8221;]<\/p>\n<h1>Laboratory Equipment<\/h1>\n<p>[\/et_pb_text][et_pb_text admin_label=&#8221;Mit langj\u00e4hrigen Erfahrungen angereichert bieten wir Ihnen hervorragend bew\u00e4hrte Brutschr\u00e4nke, Mikroskope und Ger\u00e4te ma\u00dfgebender Hersteller. &#8221; _builder_version=&#8221;4.16&#8243; text_font=&#8221;Roboto|300|||||||&#8221; text_text_color=&#8221;#000000&#8243; text_font_size=&#8221;15px&#8221; text_line_height=&#8221;1.8em&#8221; header_font=&#8221;Nunito Sans|700|||||||&#8221; header_text_color=&#8221;#297FCA&#8221; header_font_size=&#8221;20px&#8221; header_line_height=&#8221;1.3em&#8221; custom_padding=&#8221;5px||&#8221; global_colors_info=&#8221;{}&#8221;]<\/p>\n<p>With years of experience, we offer you highly proven incubators, microscopes, and equipment.<\/p>\n<p>[\/et_pb_text][et_pb_button button_url=&#8221;https:\/\/ivf.express\/produkte\/geraete-im-labor\/&#8221; button_text=&#8221;To the products&#8221; button_alignment=&#8221;left&#8221; _builder_version=&#8221;4.16&#8243; _module_preset=&#8221;default&#8221; custom_button=&#8221;on&#8221; button_font=&#8221;|300|||||||&#8221; global_colors_info=&#8221;{}&#8221;][\/et_pb_button][et_pb_divider color=&#8221;#000000&#8243; divider_weight=&#8221;4px&#8221; _builder_version=&#8221;4.16&#8243; max_width=&#8221;50px&#8221; custom_padding=&#8221;2px||&#8221; global_colors_info=&#8221;{}&#8221;][\/et_pb_divider][\/et_pb_column][et_pb_column type=&#8221;1_5&#8243; _builder_version=&#8221;4.16&#8243; custom_padding=&#8221;|||&#8221; global_colors_info=&#8221;{}&#8221; custom_padding__hover=&#8221;|||&#8221;][et_pb_image src=&#8221;https:\/\/ivf.express\/wp-content\/uploads\/2022\/02\/Waermeplatte-600&#215;400-1.jpg&#8221; title_text=&#8221;Heating plate 600&#215;400&#8243; align_tablet=&#8221;center&#8221; align_phone=&#8221;&#8221; align_last_edited=&#8221;on|desktop&#8221; _builder_version=&#8221;4.19.5&#8243; custom_margin=&#8221;-11px||&#8221; global_colors_info=&#8221;{}&#8221;][\/et_pb_image][et_pb_text admin_label=&#8221;Ger\u00e4te im Eingriffsraum&#8221; _builder_version=&#8221;4.16&#8243; text_font=&#8221;Nunito Sans||||||||&#8221; text_text_color=&#8221;#5499D4&#8243; header_font=&#8221;Poppins|600|||||||&#8221; header_text_color=&#8221;#000000&#8243; header_font_size=&#8221;20px&#8221; header_line_height=&#8221;1.4em&#8221; min_height=&#8221;65px&#8221; global_colors_info=&#8221;{}&#8221;]<\/p>\n<h1>Equipment for the Procedure Room<\/h1>\n<p>[\/et_pb_text][et_pb_text admin_label=&#8221;Entdecken Sie unsere pr\u00e4zisen Aspirationspumpen, W\u00e4rmebl\u00f6cke und Instrumente f\u00fcr den Eingriffsraum. &#8221; _builder_version=&#8221;4.16&#8243; text_font=&#8221;Roboto|300|||||||&#8221; text_text_color=&#8221;#000000&#8243; text_font_size=&#8221;15px&#8221; text_line_height=&#8221;1.8em&#8221; header_font=&#8221;Nunito Sans|700|||||||&#8221; header_text_color=&#8221;#297FCA&#8221; header_font_size=&#8221;20px&#8221; header_line_height=&#8221;1.3em&#8221; custom_padding=&#8221;5px||&#8221; global_colors_info=&#8221;{}&#8221;]<\/p>\n<p>Discover our precise aspiration pumps, heating blocks, and instruments for the procedure room.<\/p>\n<p>[\/et_pb_text][et_pb_button button_url=&#8221;https:\/\/ivf.express\/produkte\/geraete-im-eingriffsraum\/&#8221; button_text=&#8221;To the products&#8221; button_alignment=&#8221;left&#8221; _builder_version=&#8221;4.16&#8243; _module_preset=&#8221;default&#8221; custom_button=&#8221;on&#8221; button_font=&#8221;|300|||||||&#8221; global_colors_info=&#8221;{}&#8221;][\/et_pb_button][et_pb_divider color=&#8221;#000000&#8243; divider_weight=&#8221;4px&#8221; _builder_version=&#8221;4.16&#8243; max_width=&#8221;50px&#8221; custom_padding=&#8221;2px||&#8221; global_colors_info=&#8221;{}&#8221;][\/et_pb_divider][\/et_pb_column][\/et_pb_row][\/et_pb_section]<\/p>\n","protected":false},"excerpt":{"rendered":"<p><nav aria-label=\"breadcrumbs\" class=\"rank-math-breadcrumb\"><p><span class=\"last\">Home<\/span><\/p><\/nav> Our\u00a0ProductsDetailed product descriptions on this website are currently available only in German. For more information, please feel free to contact us.MediaIn collaboration with leading manufacturers, we stand for safety, practicality, and increased success.Consumables in the laboratoryBrowse through our specially selected range of dishes, tubes, syringes, pipettes, and cryo accessories.Consumables for procedure roomsEffortless operation and [&hellip;]<\/p>\n","protected":false},"author":1,"featured_media":0,"parent":0,"menu_order":70,"comment_status":"closed","ping_status":"closed","template":"","meta":{"_et_pb_use_builder":"on","_et_pb_old_content":"","_et_gb_content_width":"","footnotes":""},"dipi_cpt_category":[],"class_list":["post-255073","page","type-page","status-publish","hentry"],"_links":{"self":[{"href":"https:\/\/ivf.express\/en\/wp-json\/wp\/v2\/pages\/255073","targetHints":{"allow":["GET"]}}],"collection":[{"href":"https:\/\/ivf.express\/en\/wp-json\/wp\/v2\/pages"}],"about":[{"href":"https:\/\/ivf.express\/en\/wp-json\/wp\/v2\/types\/page"}],"author":[{"embeddable":true,"href":"https:\/\/ivf.express\/en\/wp-json\/wp\/v2\/users\/1"}],"replies":[{"embeddable":true,"href":"https:\/\/ivf.express\/en\/wp-json\/wp\/v2\/comments?post=255073"}],"version-history":[{"count":5,"href":"https:\/\/ivf.express\/en\/wp-json\/wp\/v2\/pages\/255073\/revisions"}],"predecessor-version":[{"id":255079,"href":"https:\/\/ivf.express\/en\/wp-json\/wp\/v2\/pages\/255073\/revisions\/255079"}],"wp:attachment":[{"href":"https:\/\/ivf.express\/en\/wp-json\/wp\/v2\/media?parent=255073"}],"wp:term":[{"taxonomy":"dipi_cpt_category","embeddable":true,"href":"https:\/\/ivf.express\/en\/wp-json\/wp\/v2\/dipi_cpt_category?post=255073"}],"curies":[{"name":"wp","href":"https:\/\/api.w.org\/{rel}","templated":true}]}}